{"id":263,"date":"2015-02-08T19:22:13","date_gmt":"2015-02-08T18:22:13","guid":{"rendered":"http:\/\/association-visage.com\/wp\/?page_id=263"},"modified":"2024-01-16T00:41:03","modified_gmt":"2024-01-15T23:41:03","slug":"notre-projet","status":"publish","type":"page","link":"https:\/\/www.association-visage.com\/wp\/accueil\/notre-projet\/","title":{"rendered":"Notre Projet"},"content":{"rendered":"<div id=\"centercontent_md\">\n<div class=\"clearpad\">\n<div class=\"item-page\">\n<h3 style=\"text-align: center;\"><span style=\"color: #008ee6;\"><strong>Le projet de Visage, c&rsquo;est quoi?<\/strong><\/span><\/h3>\n<p style=\"text-align: justify;\"><span style=\"color: #808080;\">Le pr\u00e9sent projet permettra \u00e0 de nouveaux arrivants (directeurs, animateurs, adh\u00e9rents, parents) de conna\u00eetre la passion qui nous anime.<\/span><\/p>\n<p style=\"text-align: justify;\"><span style=\"color: #808080;\">Il montrera aux membres actuels que, si l&rsquo;association a pu f\u00eater ses 50 ans en 2023, c&rsquo;est gr\u00e2ce \u00e0 leur enthousiasme, leur engagement et \u00e0 la convivialit\u00e9 qui y r\u00e8gne. Ainsi, deux axes guideront ce projet \u00e9ducatif, axes qui nous semblent d\u00e9finir au mieux le lien qui nous unit :<\/span><\/p>\n<\/div>\n<ul>\n<li><a title=\"Projet \u00e9ducatif - L'animation\" href=\"http:\/\/www.association-visage.com\/wp\/wp-content\/uploads\/2015\/04\/Projet-educatif-animation.pdf\" target=\"_blank\" rel=\"noopener\">L&rsquo;animation<\/a><\/li>\n<li><a title=\"Projet \u00e9ducatif - Vie associative\" href=\"http:\/\/www.association-visage.com\/wp\/wp-content\/uploads\/2015\/10\/Projet-educatif-vie-associative.pdf\" target=\"_blank\" rel=\"noopener\">La vie associative<\/a><\/li>\n<\/ul>\n<hr \/>\n<\/div>\n<\/div>\n<p><img loading=\"lazy\" decoding=\"async\" class=\"alignnone wp-image-1375\" src=\"http:\/\/www.association-visage.com\/wp\/wp-content\/uploads\/2018\/04\/Notre-Projet-min-300x169.png\" alt=\"\" width=\"1124\" height=\"634\" srcset=\"https:\/\/www.association-visage.com\/wp\/wp-content\/uploads\/2018\/04\/Notre-Projet-min-300x169.png 300w, https:\/\/www.association-visage.com\/wp\/wp-content\/uploads\/2018\/04\/Notre-Projet-min-768x432.png 768w, https:\/\/www.association-visage.com\/wp\/wp-content\/uploads\/2018\/04\/Notre-Projet-min-600x337.png 600w\" sizes=\"auto, (max-width: 1124px) 100vw, 1124px\" \/><\/p>\n<div id=\"centercontent_md\">\n<div class=\"clearpad\">\n<h3 style=\"text-align: center;\"><\/h3>\n<\/div>\n<\/div>\n","protected":false},"excerpt":{"rendered":"<p>Le projet de Visage, c&rsquo;est quoi? Le pr\u00e9sent projet permettra \u00e0 de nouveaux arrivants (directeurs, animateurs, adh\u00e9rents, parents) de conna\u00eetre la passion qui nous anime. Il montrera aux membres actuels &hellip;<\/p>\n","protected":false},"author":2,"featured_media":0,"parent":67,"menu_order":0,"comment_status":"closed","ping_status":"open","template":"fullwidth.php","meta":{"om_disable_all_campaigns":false,"_monsterinsights_skip_tracking":false,"_monsterinsights_sitenote_active":false,"_monsterinsights_sitenote_note":"","_monsterinsights_sitenote_category":0,"footnotes":""},"class_list":["post-263","page","type-page","status-publish","hentry"],"aioseo_notices":[],"_links":{"self":[{"href":"https:\/\/www.association-visage.com\/wp\/wp-json\/wp\/v2\/pages\/263","targetHints":{"allow":["GET"]}}],"collection":[{"href":"https:\/\/www.association-visage.com\/wp\/wp-json\/wp\/v2\/pages"}],"about":[{"href":"https:\/\/www.association-visage.com\/wp\/wp-json\/wp\/v2\/types\/page"}],"author":[{"embeddable":true,"href":"https:\/\/www.association-visage.com\/wp\/wp-json\/wp\/v2\/users\/2"}],"replies":[{"embeddable":true,"href":"https:\/\/www.association-visage.com\/wp\/wp-json\/wp\/v2\/comments?post=263"}],"version-history":[{"count":49,"href":"https:\/\/www.association-visage.com\/wp\/wp-json\/wp\/v2\/pages\/263\/revisions"}],"predecessor-version":[{"id":2473,"href":"https:\/\/www.association-visage.com\/wp\/wp-json\/wp\/v2\/pages\/263\/revisions\/2473"}],"up":[{"embeddable":true,"href":"https:\/\/www.association-visage.com\/wp\/wp-json\/wp\/v2\/pages\/67"}],"wp:attachment":[{"href":"https:\/\/www.association-visage.com\/wp\/wp-json\/wp\/v2\/media?parent=263"}],"curies":[{"name":"wp","href":"https:\/\/api.w.org\/{rel}","templated":true}]}}